{"id":902,"date":"2021-03-02T11:29:30","date_gmt":"2021-03-02T10:29:30","guid":{"rendered":"https:\/\/www.multitrade-shop.com\/?post_type=product&#038;p=902"},"modified":"2021-03-02T11:29:33","modified_gmt":"2021-03-02T10:29:33","slug":"panasonic-lcd-projektor","status":"publish","type":"product","link":"https:\/\/www.multitrade-shop.com\/en\/produkt\/panasonic-lcd-projektor\/","title":{"rendered":"Pan"},"content":{"rendered":"","protected":false},"excerpt":{"rendered":"<p class=\"qtranxs-available-languages-message qtranxs-available-languages-message-en\">Sorry, this entry is only available in <a href=\"https:\/\/www.multitrade-shop.com\/de\/wp-json\/wp\/v2\/product\/902\" class=\"qtranxs-available-language-link qtranxs-available-language-link-de\" title=\"Deutsch\">Deutsch<\/a>.<\/p>\n","protected":false},"featured_media":903,"template":"","meta":[],"product_brand":[],"product_cat":[16],"product_tag":[],"class_list":{"0":"post-902","1":"product","2":"type-product","3":"status-publish","4":"has-post-thumbnail","6":"product_cat-unkategorisiert","8":"first","9":"instock","10":"taxable","11":"shipping-taxable","12":"purchasable","13":"product-type-simple"},"yoast_head":"<!-- This site is optimized with the Yoast SEO plugin v25.4 - https:\/\/yoast.com\/wordpress\/plugins\/seo\/ -->\n<title>Pan - Multitrade Commerz Online Shop<\/title>\n<meta name=\"robots\" content=\"index, follow, max-snippet:-1, max-image-preview:large, max-video-preview:-1\" \/>\n<link rel=\"canonical\" href=\"https:\/\/www.multitrade-shop.com\/ru\/produkt\/panasonic-lcd-projektor\/\" \/>\n<meta property=\"og:locale\" content=\"en_US\" \/>\n<meta property=\"og:type\" content=\"article\" \/>\n<meta property=\"og:title\" content=\"Pan - Multitrade Commerz Online Shop\" \/>\n<meta property=\"og:description\" content=\"[:de]Panasonic verwendet eine Reihe fortschrittlicher Technologien, einschlie\u00dflich eines propriet\u00e4ren Lampenantriebssystems, mit denen die Lampenleistung aufrechterhalten werden kann. Dies hat zu einem 5.000-st\u00fcndigen Lampenwechselzyklus gef\u00fchrt. Es hilft, Betriebskosten zu sparen, indem es eine l\u00e4ngere Nutzung zwischen den Lampenwechseln erm\u00f6glicht. Die Daylight View Basic-Technologie von Panasonic erzielt scharfe, gut sichtbare Bilder, indem die Details in dunklen Bildbereichen klar wiedergegeben werden, die zuvor in hell beleuchteten R\u00e4umen schwer zu erkennen waren. Ein eingebauter Sensor misst das Umgebungslicht und die Daylight View Basic-Funktion passt die Halbtonfarbe und die Helligkeit entsprechend der Umgebungsbeleuchtung an.[:]\" \/>\n<meta property=\"og:url\" content=\"https:\/\/www.multitrade-shop.com\/ru\/produkt\/panasonic-lcd-projektor\/\" \/>\n<meta property=\"og:site_name\" content=\"Multitrade Commerz Online Shop\" \/>\n<meta property=\"article:modified_time\" content=\"2021-03-02T10:29:33+00:00\" \/>\n<meta property=\"og:image\" content=\"https:\/\/www.multitrade-shop.com\/wp-content\/uploads\/2021\/03\/20210302_104917-scaled.jpg\" \/>\n\t<meta property=\"og:image:width\" content=\"2560\" \/>\n\t<meta property=\"og:image:height\" content=\"1920\" \/>\n\t<meta property=\"og:image:type\" content=\"image\/jpeg\" \/>\n<meta name=\"twitter:card\" content=\"summary_large_image\" \/>\n<script type=\"application\/ld+json\" class=\"yoast-schema-graph\">{\"@context\":\"https:\/\/schema.org\",\"@graph\":[{\"@type\":\"WebPage\",\"@id\":\"https:\/\/www.multitrade-shop.com\/ru\/produkt\/panasonic-lcd-projektor\/\",\"url\":\"https:\/\/www.multitrade-shop.com\/ru\/produkt\/panasonic-lcd-projektor\/\",\"name\":\"Pan - Multitrade Commerz Online Shop\",\"isPartOf\":{\"@id\":\"https:\/\/www.multitrade-shop.com\/ru\/#website\"},\"primaryImageOfPage\":{\"@id\":\"https:\/\/www.multitrade-shop.com\/ru\/produkt\/panasonic-lcd-projektor\/#primaryimage\"},\"image\":{\"@id\":\"https:\/\/www.multitrade-shop.com\/ru\/produkt\/panasonic-lcd-projektor\/#primaryimage\"},\"thumbnailUrl\":\"https:\/\/www.multitrade-shop.com\/wp-content\/uploads\/2021\/03\/20210302_104917-scaled.jpg\",\"datePublished\":\"2021-03-02T10:29:30+00:00\",\"dateModified\":\"2021-03-02T10:29:33+00:00\",\"breadcrumb\":{\"@id\":\"https:\/\/www.multitrade-shop.com\/ru\/produkt\/panasonic-lcd-projektor\/#breadcrumb\"},\"inLanguage\":\"en-US\",\"potentialAction\":[{\"@type\":\"ReadAction\",\"target\":[\"https:\/\/www.multitrade-shop.com\/ru\/produkt\/panasonic-lcd-projektor\/\"]}]},{\"@type\":\"ImageObject\",\"inLanguage\":\"en-US\",\"@id\":\"https:\/\/www.multitrade-shop.com\/ru\/produkt\/panasonic-lcd-projektor\/#primaryimage\",\"url\":\"https:\/\/www.multitrade-shop.com\/wp-content\/uploads\/2021\/03\/20210302_104917-scaled.jpg\",\"contentUrl\":\"https:\/\/www.multitrade-shop.com\/wp-content\/uploads\/2021\/03\/20210302_104917-scaled.jpg\",\"width\":2560,\"height\":1920},{\"@type\":\"BreadcrumbList\",\"@id\":\"https:\/\/www.multitrade-shop.com\/ru\/produkt\/panasonic-lcd-projektor\/#breadcrumb\",\"itemListElement\":[{\"@type\":\"ListItem\",\"position\":1,\"name\":\"Startseite\",\"item\":\"https:\/\/www.multitrade-shop.com\/\"},{\"@type\":\"ListItem\",\"position\":2,\"name\":\"Shop\",\"item\":\"https:\/\/www.multitrade-shop.com\/shop\/\"},{\"@type\":\"ListItem\",\"position\":3,\"name\":\"Pan\"}]},{\"@type\":\"WebSite\",\"@id\":\"https:\/\/www.multitrade-shop.com\/ru\/#website\",\"url\":\"https:\/\/www.multitrade-shop.com\/ru\/\",\"name\":\"Multitrade Commerz Online Shop\",\"description\":\"Internationaler Handelspartner f\u00fcr Supermarket and storage facilities, food processing equipment everything from second hand\",\"publisher\":{\"@id\":\"https:\/\/www.multitrade-shop.com\/ru\/#organization\"},\"potentialAction\":[{\"@type\":\"SearchAction\",\"target\":{\"@type\":\"EntryPoint\",\"urlTemplate\":\"https:\/\/www.multitrade-shop.com\/ru\/?s={search_term_string}\"},\"query-input\":{\"@type\":\"PropertyValueSpecification\",\"valueRequired\":true,\"valueName\":\"search_term_string\"}}],\"inLanguage\":\"en-US\"},{\"@type\":\"Organization\",\"@id\":\"https:\/\/www.multitrade-shop.com\/ru\/#organization\",\"name\":\"Multitrade Commerz Online Shop\",\"url\":\"https:\/\/www.multitrade-shop.com\/ru\/\",\"logo\":{\"@type\":\"ImageObject\",\"inLanguage\":\"en-US\",\"@id\":\"https:\/\/www.multitrade-shop.com\/ru\/#\/schema\/logo\/image\/\",\"url\":\"https:\/\/www.multitrade-shop.com\/wp-content\/uploads\/2020\/11\/Multitrade-Logo-2020.png\",\"contentUrl\":\"https:\/\/www.multitrade-shop.com\/wp-content\/uploads\/2020\/11\/Multitrade-Logo-2020.png\",\"width\":450,\"height\":111,\"caption\":\"Multitrade Commerz Online Shop\"},\"image\":{\"@id\":\"https:\/\/www.multitrade-shop.com\/ru\/#\/schema\/logo\/image\/\"}}]}<\/script>\n<!-- \/ Yoast SEO plugin. -->","yoast_head_json":{"title":"Pan - Multitrade Commerz Online Shop","robots":{"index":"index","follow":"follow","max-snippet":"max-snippet:-1","max-image-preview":"max-image-preview:large","max-video-preview":"max-video-preview:-1"},"canonical":"https:\/\/www.multitrade-shop.com\/ru\/produkt\/panasonic-lcd-projektor\/","og_locale":"en_US","og_type":"article","og_title":"Pan - Multitrade Commerz Online Shop","og_description":"[:de]Panasonic verwendet eine Reihe fortschrittlicher Technologien, einschlie\u00dflich eines propriet\u00e4ren Lampenantriebssystems, mit denen die Lampenleistung aufrechterhalten werden kann. Dies hat zu einem 5.000-st\u00fcndigen Lampenwechselzyklus gef\u00fchrt. Es hilft, Betriebskosten zu sparen, indem es eine l\u00e4ngere Nutzung zwischen den Lampenwechseln erm\u00f6glicht. Die Daylight View Basic-Technologie von Panasonic erzielt scharfe, gut sichtbare Bilder, indem die Details in dunklen Bildbereichen klar wiedergegeben werden, die zuvor in hell beleuchteten R\u00e4umen schwer zu erkennen waren. Ein eingebauter Sensor misst das Umgebungslicht und die Daylight View Basic-Funktion passt die Halbtonfarbe und die Helligkeit entsprechend der Umgebungsbeleuchtung an.[:]","og_url":"https:\/\/www.multitrade-shop.com\/ru\/produkt\/panasonic-lcd-projektor\/","og_site_name":"Multitrade Commerz Online Shop","article_modified_time":"2021-03-02T10:29:33+00:00","og_image":[{"width":2560,"height":1920,"url":"https:\/\/www.multitrade-shop.com\/wp-content\/uploads\/2021\/03\/20210302_104917-scaled.jpg","type":"image\/jpeg"}],"twitter_card":"summary_large_image","schema":{"@context":"https:\/\/schema.org","@graph":[{"@type":"WebPage","@id":"https:\/\/www.multitrade-shop.com\/ru\/produkt\/panasonic-lcd-projektor\/","url":"https:\/\/www.multitrade-shop.com\/ru\/produkt\/panasonic-lcd-projektor\/","name":"Pan - Multitrade Commerz Online Shop","isPartOf":{"@id":"https:\/\/www.multitrade-shop.com\/ru\/#website"},"primaryImageOfPage":{"@id":"https:\/\/www.multitrade-shop.com\/ru\/produkt\/panasonic-lcd-projektor\/#primaryimage"},"image":{"@id":"https:\/\/www.multitrade-shop.com\/ru\/produkt\/panasonic-lcd-projektor\/#primaryimage"},"thumbnailUrl":"https:\/\/www.multitrade-shop.com\/wp-content\/uploads\/2021\/03\/20210302_104917-scaled.jpg","datePublished":"2021-03-02T10:29:30+00:00","dateModified":"2021-03-02T10:29:33+00:00","breadcrumb":{"@id":"https:\/\/www.multitrade-shop.com\/ru\/produkt\/panasonic-lcd-projektor\/#breadcrumb"},"inLanguage":"en-US","potentialAction":[{"@type":"ReadAction","target":["https:\/\/www.multitrade-shop.com\/ru\/produkt\/panasonic-lcd-projektor\/"]}]},{"@type":"ImageObject","inLanguage":"en-US","@id":"https:\/\/www.multitrade-shop.com\/ru\/produkt\/panasonic-lcd-projektor\/#primaryimage","url":"https:\/\/www.multitrade-shop.com\/wp-content\/uploads\/2021\/03\/20210302_104917-scaled.jpg","contentUrl":"https:\/\/www.multitrade-shop.com\/wp-content\/uploads\/2021\/03\/20210302_104917-scaled.jpg","width":2560,"height":1920},{"@type":"BreadcrumbList","@id":"https:\/\/www.multitrade-shop.com\/ru\/produkt\/panasonic-lcd-projektor\/#breadcrumb","itemListElement":[{"@type":"ListItem","position":1,"name":"Startseite","item":"https:\/\/www.multitrade-shop.com\/"},{"@type":"ListItem","position":2,"name":"Shop","item":"https:\/\/www.multitrade-shop.com\/shop\/"},{"@type":"ListItem","position":3,"name":"Pan"}]},{"@type":"WebSite","@id":"https:\/\/www.multitrade-shop.com\/ru\/#website","url":"https:\/\/www.multitrade-shop.com\/ru\/","name":"Multitrade Commerz Online Shop","description":"Internationaler Handelspartner f\u00fcr Supermarket and storage facilities, food processing equipment everything from second hand","publisher":{"@id":"https:\/\/www.multitrade-shop.com\/ru\/#organization"},"potentialAction":[{"@type":"SearchAction","target":{"@type":"EntryPoint","urlTemplate":"https:\/\/www.multitrade-shop.com\/ru\/?s={search_term_string}"},"query-input":{"@type":"PropertyValueSpecification","valueRequired":true,"valueName":"search_term_string"}}],"inLanguage":"en-US"},{"@type":"Organization","@id":"https:\/\/www.multitrade-shop.com\/ru\/#organization","name":"Multitrade Commerz Online Shop","url":"https:\/\/www.multitrade-shop.com\/ru\/","logo":{"@type":"ImageObject","inLanguage":"en-US","@id":"https:\/\/www.multitrade-shop.com\/ru\/#\/schema\/logo\/image\/","url":"https:\/\/www.multitrade-shop.com\/wp-content\/uploads\/2020\/11\/Multitrade-Logo-2020.png","contentUrl":"https:\/\/www.multitrade-shop.com\/wp-content\/uploads\/2020\/11\/Multitrade-Logo-2020.png","width":450,"height":111,"caption":"Multitrade Commerz Online Shop"},"image":{"@id":"https:\/\/www.multitrade-shop.com\/ru\/#\/schema\/logo\/image\/"}}]}},"_links":{"self":[{"href":"https:\/\/www.multitrade-shop.com\/en\/wp-json\/wp\/v2\/product\/902","targetHints":{"allow":["GET"]}}],"collection":[{"href":"https:\/\/www.multitrade-shop.com\/en\/wp-json\/wp\/v2\/product"}],"about":[{"href":"https:\/\/www.multitrade-shop.com\/en\/wp-json\/wp\/v2\/types\/product"}],"wp:featuredmedia":[{"embeddable":true,"href":"https:\/\/www.multitrade-shop.com\/en\/wp-json\/wp\/v2\/media\/903"}],"wp:attachment":[{"href":"https:\/\/www.multitrade-shop.com\/en\/wp-json\/wp\/v2\/media?parent=902"}],"wp:term":[{"taxonomy":"product_brand","embeddable":true,"href":"https:\/\/www.multitrade-shop.com\/en\/wp-json\/wp\/v2\/product_brand?post=902"},{"taxonomy":"product_cat","embeddable":true,"href":"https:\/\/www.multitrade-shop.com\/en\/wp-json\/wp\/v2\/product_cat?post=902"},{"taxonomy":"product_tag","embeddable":true,"href":"https:\/\/www.multitrade-shop.com\/en\/wp-json\/wp\/v2\/product_tag?post=902"}],"curies":[{"name":"wp","href":"https:\/\/api.w.org\/{rel}","templated":true}]}}