{"id":773,"date":"2021-02-22T10:53:20","date_gmt":"2021-02-22T09:53:20","guid":{"rendered":"https:\/\/www.multitrade-shop.com\/?post_type=product&#038;p=773"},"modified":"2021-03-01T08:47:11","modified_gmt":"2021-03-01T07:47:11","slug":"kuehlzelle-mit-hacken-viessmann","status":"publish","type":"product","link":"https:\/\/www.multitrade-shop.com\/en\/produkt\/kuehlzelle-mit-hacken-viessmann\/","title":{"rendered":"(Deutsch) K\u00fchlzelle mit Hakensystem Viessmann"},"content":{"rendered":"<p class=\"qtranxs-available-languages-message qtranxs-available-languages-message-en\">Sorry, this entry is only available in <a href=\"https:\/\/www.multitrade-shop.com\/de\/wp-json\/wp\/v2\/product\/773\" class=\"qtranxs-available-language-link qtranxs-available-language-link-de\" title=\"Deutsch\">Deutsch<\/a>.<\/p>","protected":false},"excerpt":{"rendered":"<p>Sorry, this entry is only available in Deutsch.<\/p>\n","protected":false},"featured_media":774,"template":"","meta":[],"product_brand":[],"product_cat":[88,17,19,20,22],"product_tag":[127,130,126,125,129,128,131],"class_list":{"0":"post-773","1":"product","2":"type-product","3":"status-publish","4":"has-post-thumbnail","6":"product_cat-kuehlzellen","7":"product_cat-baeckereiausstattung","8":"product_cat-fleischereimaschinen","9":"product_cat-gastrogeraete","10":"product_cat-kuehlmoebel","11":"product_tag-chemnitz","12":"product_tag-deutschland","13":"product_tag-gebraucht","14":"product_tag-kuehlzelle","15":"product_tag-sachsen","16":"product_tag-tiefkuehlzelle","17":"product_tag-viessmann","19":"first","20":"instock","21":"taxable","22":"shipping-taxable","23":"purchasable","24":"product-type-simple"},"yoast_head":"<!-- This site is optimized with the Yoast SEO plugin v25.4 - https:\/\/yoast.com\/wordpress\/plugins\/seo\/ -->\n<title>(Deutsch) K\u00fchlzelle mit Hakensystem Viessmann - Multitrade Commerz Online Shop<\/title>\n<meta name=\"description\" content=\"gebrauchte K\u00fchlzelle, gebrauchte Tiefk\u00fchlzelle, mit Hakensystem, Viessmann, Chemnitz, Sachsen, Deutschland\" \/>\n<meta name=\"robots\" content=\"index, follow, max-snippet:-1, max-image-preview:large, max-video-preview:-1\" \/>\n<link rel=\"canonical\" href=\"https:\/\/www.multitrade-shop.com\/produkt\/kuehlzelle-mit-hacken-viessmann\/\" \/>\n<meta property=\"og:locale\" content=\"en_US\" \/>\n<meta property=\"og:type\" content=\"article\" \/>\n<meta property=\"og:title\" content=\"(Deutsch) K\u00fchlzelle mit Hakensystem Viessmann - Multitrade Commerz Online Shop\" \/>\n<meta property=\"og:description\" content=\"gebrauchte K\u00fchlzelle, gebrauchte Tiefk\u00fchlzelle, mit Hakensystem, Viessmann, Chemnitz, Sachsen, Deutschland\" \/>\n<meta property=\"og:url\" content=\"https:\/\/www.multitrade-shop.com\/produkt\/kuehlzelle-mit-hacken-viessmann\/\" \/>\n<meta property=\"og:site_name\" content=\"Multitrade Commerz Online Shop\" \/>\n<meta property=\"article:modified_time\" content=\"2021-03-01T07:47:11+00:00\" \/>\n<meta property=\"og:image\" content=\"https:\/\/www.multitrade-shop.com\/wp-content\/uploads\/2021\/02\/20210222_094534-scaled.jpg\" \/>\n\t<meta property=\"og:image:width\" content=\"1920\" \/>\n\t<meta property=\"og:image:height\" content=\"2560\" \/>\n\t<meta property=\"og:image:type\" content=\"image\/jpeg\" \/>\n<meta name=\"twitter:card\" content=\"summary_large_image\" \/>\n<meta name=\"twitter:label1\" content=\"Est. reading time\" \/>\n\t<meta name=\"twitter:data1\" content=\"1 minute\" \/>\n<script type=\"application\/ld+json\" class=\"yoast-schema-graph\">{\"@context\":\"https:\/\/schema.org\",\"@graph\":[{\"@type\":\"WebPage\",\"@id\":\"https:\/\/www.multitrade-shop.com\/produkt\/kuehlzelle-mit-hacken-viessmann\/\",\"url\":\"https:\/\/www.multitrade-shop.com\/produkt\/kuehlzelle-mit-hacken-viessmann\/\",\"name\":\"(Deutsch) K\u00fchlzelle mit Hakensystem Viessmann - Multitrade Commerz Online Shop\",\"isPartOf\":{\"@id\":\"https:\/\/www.multitrade-shop.com\/ru\/#website\"},\"primaryImageOfPage\":{\"@id\":\"https:\/\/www.multitrade-shop.com\/produkt\/kuehlzelle-mit-hacken-viessmann\/#primaryimage\"},\"image\":{\"@id\":\"https:\/\/www.multitrade-shop.com\/produkt\/kuehlzelle-mit-hacken-viessmann\/#primaryimage\"},\"thumbnailUrl\":\"https:\/\/www.multitrade-shop.com\/wp-content\/uploads\/2021\/02\/20210222_094534-scaled.jpg\",\"datePublished\":\"2021-02-22T09:53:20+00:00\",\"dateModified\":\"2021-03-01T07:47:11+00:00\",\"description\":\"gebrauchte K\u00fchlzelle, gebrauchte Tiefk\u00fchlzelle, mit Hakensystem, Viessmann, Chemnitz, Sachsen, Deutschland\",\"breadcrumb\":{\"@id\":\"https:\/\/www.multitrade-shop.com\/produkt\/kuehlzelle-mit-hacken-viessmann\/#breadcrumb\"},\"inLanguage\":\"en-US\",\"potentialAction\":[{\"@type\":\"ReadAction\",\"target\":[\"https:\/\/www.multitrade-shop.com\/produkt\/kuehlzelle-mit-hacken-viessmann\/\"]}]},{\"@type\":\"ImageObject\",\"inLanguage\":\"en-US\",\"@id\":\"https:\/\/www.multitrade-shop.com\/produkt\/kuehlzelle-mit-hacken-viessmann\/#primaryimage\",\"url\":\"https:\/\/www.multitrade-shop.com\/wp-content\/uploads\/2021\/02\/20210222_094534-scaled.jpg\",\"contentUrl\":\"https:\/\/www.multitrade-shop.com\/wp-content\/uploads\/2021\/02\/20210222_094534-scaled.jpg\",\"width\":1920,\"height\":2560},{\"@type\":\"BreadcrumbList\",\"@id\":\"https:\/\/www.multitrade-shop.com\/produkt\/kuehlzelle-mit-hacken-viessmann\/#breadcrumb\",\"itemListElement\":[{\"@type\":\"ListItem\",\"position\":1,\"name\":\"Startseite\",\"item\":\"https:\/\/www.multitrade-shop.com\/\"},{\"@type\":\"ListItem\",\"position\":2,\"name\":\"Shop\",\"item\":\"https:\/\/www.multitrade-shop.com\/shop\/\"},{\"@type\":\"ListItem\",\"position\":3,\"name\":\"K\u00fchlzelle mit Hakensystem Viessmann\"}]},{\"@type\":\"WebSite\",\"@id\":\"https:\/\/www.multitrade-shop.com\/ru\/#website\",\"url\":\"https:\/\/www.multitrade-shop.com\/ru\/\",\"name\":\"Multitrade Commerz Online Shop\",\"description\":\"Internationaler Handelspartner f\u00fcr Supermarket and storage facilities, food processing equipment everything from second hand\",\"publisher\":{\"@id\":\"https:\/\/www.multitrade-shop.com\/ru\/#organization\"},\"potentialAction\":[{\"@type\":\"SearchAction\",\"target\":{\"@type\":\"EntryPoint\",\"urlTemplate\":\"https:\/\/www.multitrade-shop.com\/ru\/?s={search_term_string}\"},\"query-input\":{\"@type\":\"PropertyValueSpecification\",\"valueRequired\":true,\"valueName\":\"search_term_string\"}}],\"inLanguage\":\"en-US\"},{\"@type\":\"Organization\",\"@id\":\"https:\/\/www.multitrade-shop.com\/ru\/#organization\",\"name\":\"Multitrade Commerz Online Shop\",\"url\":\"https:\/\/www.multitrade-shop.com\/ru\/\",\"logo\":{\"@type\":\"ImageObject\",\"inLanguage\":\"en-US\",\"@id\":\"https:\/\/www.multitrade-shop.com\/ru\/#\/schema\/logo\/image\/\",\"url\":\"https:\/\/www.multitrade-shop.com\/wp-content\/uploads\/2020\/11\/Multitrade-Logo-2020.png\",\"contentUrl\":\"https:\/\/www.multitrade-shop.com\/wp-content\/uploads\/2020\/11\/Multitrade-Logo-2020.png\",\"width\":450,\"height\":111,\"caption\":\"Multitrade Commerz Online Shop\"},\"image\":{\"@id\":\"https:\/\/www.multitrade-shop.com\/ru\/#\/schema\/logo\/image\/\"}}]}<\/script>\n<!-- \/ Yoast SEO plugin. -->","yoast_head_json":{"title":"(Deutsch) K\u00fchlzelle mit Hakensystem Viessmann - Multitrade Commerz Online Shop","description":"gebrauchte K\u00fchlzelle, gebrauchte Tiefk\u00fchlzelle, mit Hakensystem, Viessmann, Chemnitz, Sachsen, Deutschland","robots":{"index":"index","follow":"follow","max-snippet":"max-snippet:-1","max-image-preview":"max-image-preview:large","max-video-preview":"max-video-preview:-1"},"canonical":"https:\/\/www.multitrade-shop.com\/produkt\/kuehlzelle-mit-hacken-viessmann\/","og_locale":"en_US","og_type":"article","og_title":"(Deutsch) K\u00fchlzelle mit Hakensystem Viessmann - Multitrade Commerz Online Shop","og_description":"gebrauchte K\u00fchlzelle, gebrauchte Tiefk\u00fchlzelle, mit Hakensystem, Viessmann, Chemnitz, Sachsen, Deutschland","og_url":"https:\/\/www.multitrade-shop.com\/produkt\/kuehlzelle-mit-hacken-viessmann\/","og_site_name":"Multitrade Commerz Online Shop","article_modified_time":"2021-03-01T07:47:11+00:00","og_image":[{"width":1920,"height":2560,"url":"https:\/\/www.multitrade-shop.com\/wp-content\/uploads\/2021\/02\/20210222_094534-scaled.jpg","type":"image\/jpeg"}],"twitter_card":"summary_large_image","twitter_misc":{"Est. reading time":"1 minute"},"schema":{"@context":"https:\/\/schema.org","@graph":[{"@type":"WebPage","@id":"https:\/\/www.multitrade-shop.com\/produkt\/kuehlzelle-mit-hacken-viessmann\/","url":"https:\/\/www.multitrade-shop.com\/produkt\/kuehlzelle-mit-hacken-viessmann\/","name":"(Deutsch) K\u00fchlzelle mit Hakensystem Viessmann - Multitrade Commerz Online Shop","isPartOf":{"@id":"https:\/\/www.multitrade-shop.com\/ru\/#website"},"primaryImageOfPage":{"@id":"https:\/\/www.multitrade-shop.com\/produkt\/kuehlzelle-mit-hacken-viessmann\/#primaryimage"},"image":{"@id":"https:\/\/www.multitrade-shop.com\/produkt\/kuehlzelle-mit-hacken-viessmann\/#primaryimage"},"thumbnailUrl":"https:\/\/www.multitrade-shop.com\/wp-content\/uploads\/2021\/02\/20210222_094534-scaled.jpg","datePublished":"2021-02-22T09:53:20+00:00","dateModified":"2021-03-01T07:47:11+00:00","description":"gebrauchte K\u00fchlzelle, gebrauchte Tiefk\u00fchlzelle, mit Hakensystem, Viessmann, Chemnitz, Sachsen, Deutschland","breadcrumb":{"@id":"https:\/\/www.multitrade-shop.com\/produkt\/kuehlzelle-mit-hacken-viessmann\/#breadcrumb"},"inLanguage":"en-US","potentialAction":[{"@type":"ReadAction","target":["https:\/\/www.multitrade-shop.com\/produkt\/kuehlzelle-mit-hacken-viessmann\/"]}]},{"@type":"ImageObject","inLanguage":"en-US","@id":"https:\/\/www.multitrade-shop.com\/produkt\/kuehlzelle-mit-hacken-viessmann\/#primaryimage","url":"https:\/\/www.multitrade-shop.com\/wp-content\/uploads\/2021\/02\/20210222_094534-scaled.jpg","contentUrl":"https:\/\/www.multitrade-shop.com\/wp-content\/uploads\/2021\/02\/20210222_094534-scaled.jpg","width":1920,"height":2560},{"@type":"BreadcrumbList","@id":"https:\/\/www.multitrade-shop.com\/produkt\/kuehlzelle-mit-hacken-viessmann\/#breadcrumb","itemListElement":[{"@type":"ListItem","position":1,"name":"Startseite","item":"https:\/\/www.multitrade-shop.com\/"},{"@type":"ListItem","position":2,"name":"Shop","item":"https:\/\/www.multitrade-shop.com\/shop\/"},{"@type":"ListItem","position":3,"name":"K\u00fchlzelle mit Hakensystem Viessmann"}]},{"@type":"WebSite","@id":"https:\/\/www.multitrade-shop.com\/ru\/#website","url":"https:\/\/www.multitrade-shop.com\/ru\/","name":"Multitrade Commerz Online Shop","description":"Internationaler Handelspartner f\u00fcr Supermarket and storage facilities, food processing equipment everything from second hand","publisher":{"@id":"https:\/\/www.multitrade-shop.com\/ru\/#organization"},"potentialAction":[{"@type":"SearchAction","target":{"@type":"EntryPoint","urlTemplate":"https:\/\/www.multitrade-shop.com\/ru\/?s={search_term_string}"},"query-input":{"@type":"PropertyValueSpecification","valueRequired":true,"valueName":"search_term_string"}}],"inLanguage":"en-US"},{"@type":"Organization","@id":"https:\/\/www.multitrade-shop.com\/ru\/#organization","name":"Multitrade Commerz Online Shop","url":"https:\/\/www.multitrade-shop.com\/ru\/","logo":{"@type":"ImageObject","inLanguage":"en-US","@id":"https:\/\/www.multitrade-shop.com\/ru\/#\/schema\/logo\/image\/","url":"https:\/\/www.multitrade-shop.com\/wp-content\/uploads\/2020\/11\/Multitrade-Logo-2020.png","contentUrl":"https:\/\/www.multitrade-shop.com\/wp-content\/uploads\/2020\/11\/Multitrade-Logo-2020.png","width":450,"height":111,"caption":"Multitrade Commerz Online Shop"},"image":{"@id":"https:\/\/www.multitrade-shop.com\/ru\/#\/schema\/logo\/image\/"}}]}},"_links":{"self":[{"href":"https:\/\/www.multitrade-shop.com\/en\/wp-json\/wp\/v2\/product\/773","targetHints":{"allow":["GET"]}}],"collection":[{"href":"https:\/\/www.multitrade-shop.com\/en\/wp-json\/wp\/v2\/product"}],"about":[{"href":"https:\/\/www.multitrade-shop.com\/en\/wp-json\/wp\/v2\/types\/product"}],"wp:featuredmedia":[{"embeddable":true,"href":"https:\/\/www.multitrade-shop.com\/en\/wp-json\/wp\/v2\/media\/774"}],"wp:attachment":[{"href":"https:\/\/www.multitrade-shop.com\/en\/wp-json\/wp\/v2\/media?parent=773"}],"wp:term":[{"taxonomy":"product_brand","embeddable":true,"href":"https:\/\/www.multitrade-shop.com\/en\/wp-json\/wp\/v2\/product_brand?post=773"},{"taxonomy":"product_cat","embeddable":true,"href":"https:\/\/www.multitrade-shop.com\/en\/wp-json\/wp\/v2\/product_cat?post=773"},{"taxonomy":"product_tag","embeddable":true,"href":"https:\/\/www.multitrade-shop.com\/en\/wp-json\/wp\/v2\/product_tag?post=773"}],"curies":[{"name":"wp","href":"https:\/\/api.w.org\/{rel}","templated":true}]}}