{"id":1011,"date":"2021-03-16T11:24:07","date_gmt":"2021-03-16T10:24:07","guid":{"rendered":"https:\/\/www.multitrade-shop.com\/?post_type=product&#038;p=1011"},"modified":"2021-03-16T11:24:10","modified_gmt":"2021-03-16T10:24:10","slug":"gewerbe-tiefkuehlschrank-true","status":"publish","type":"product","link":"https:\/\/www.multitrade-shop.com\/en\/produkt\/gewerbe-tiefkuehlschrank-true\/","title":{"rendered":"(Deutsch) Gewerbe Tiefk\u00fchlschrank True"},"content":{"rendered":"<p class=\"qtranxs-available-languages-message qtranxs-available-languages-message-en\">Sorry, this entry is only available in <a href=\"https:\/\/www.multitrade-shop.com\/de\/wp-json\/wp\/v2\/product\/1011\" class=\"qtranxs-available-language-link qtranxs-available-language-link-de\" title=\"Deutsch\">Deutsch<\/a>.<\/p>","protected":false},"excerpt":{"rendered":"<p class=\"qtranxs-available-languages-message qtranxs-available-languages-message-en\">Sorry, this entry is only available in <a href=\"https:\/\/www.multitrade-shop.com\/de\/wp-json\/wp\/v2\/product\/1011\" class=\"qtranxs-available-language-link qtranxs-available-language-link-de\" title=\"Deutsch\">Deutsch<\/a>.<\/p>\n","protected":false},"featured_media":1012,"template":"","meta":[],"product_brand":[],"product_cat":[67,20],"product_tag":[],"class_list":{"0":"post-1011","1":"product","2":"type-product","3":"status-publish","4":"has-post-thumbnail","6":"product_cat-kuehlschraenke","7":"product_cat-gastrogeraete","9":"first","10":"instock","11":"taxable","12":"shipping-taxable","13":"purchasable","14":"product-type-simple"},"yoast_head":"<!-- This site is optimized with the Yoast SEO plugin v25.4 - https:\/\/yoast.com\/wordpress\/plugins\/seo\/ -->\n<title>(Deutsch) Gewerbe Tiefk\u00fchlschrank True - Multitrade Commerz Online Shop<\/title>\n<meta name=\"robots\" content=\"index, follow, max-snippet:-1, max-image-preview:large, max-video-preview:-1\" \/>\n<link rel=\"canonical\" href=\"https:\/\/www.multitrade-shop.com\/en\/produkt\/gewerbe-tiefkuehlschrank-true\/\" \/>\n<meta property=\"og:locale\" content=\"en_US\" \/>\n<meta property=\"og:type\" content=\"article\" \/>\n<meta property=\"og:title\" content=\"(Deutsch) Gewerbe Tiefk\u00fchlschrank True - Multitrade Commerz Online Shop\" \/>\n<meta property=\"og:description\" content=\"[:de]  steckerfertig, einbauf\u00e4hig durch frontseitige Be- und Entl\u00fcftung  Umluftk\u00fchlung  beschichteter Verdampfer  Gr\u00f6\u00dfere Verdampferoberfl\u00e4che mit leistungsf\u00e4higerem Kompressor und gr\u00f6\u00dferem Kondensator, h\u00e4lt -23,3\u00b0C, ideal f\u00fcr Tiefk\u00fchlprodukte und Eiscreme  groBe Verdampferabtauheizung erm\u00f6glicht kurzen Abtauzyklus  zeitgesteuertes Abtausystem bei abgestellter K\u00fchlung  automatische Anlaufverz\u00f6gerung des Verdampferl\u00fcftermotors nach dem Abtauvorgang  Vollt\u00fcr, selbstschliessend, Magnetdichtung  eingelassene T\u00fcrgriffe  Schloss  Vorderseite und Innenboden aus Edelstahl  Seitenteile aus eloxiertem Aluminium, Innen Wei\u00dfaluminium  Innenbeleuchtung (Gl\u00fchlampen)  digitale Temperaturanzeige  4 einstellbare, hoch belastbare kunststoffbeschichtete Roste  64mm Schwenkrollen, 2 davon mit Feststellbremse [:]\" \/>\n<meta property=\"og:url\" content=\"https:\/\/www.multitrade-shop.com\/en\/produkt\/gewerbe-tiefkuehlschrank-true\/\" \/>\n<meta property=\"og:site_name\" content=\"Multitrade Commerz Online Shop\" \/>\n<meta property=\"article:modified_time\" content=\"2021-03-16T10:24:10+00:00\" \/>\n<meta property=\"og:image\" content=\"https:\/\/www.multitrade-shop.com\/wp-content\/uploads\/2021\/03\/20210304_104344-scaled.jpg\" \/>\n\t<meta property=\"og:image:width\" content=\"1216\" \/>\n\t<meta property=\"og:image:height\" content=\"2560\" \/>\n\t<meta property=\"og:image:type\" content=\"image\/jpeg\" \/>\n<meta name=\"twitter:card\" content=\"summary_large_image\" \/>\n<meta name=\"twitter:label1\" content=\"Est. reading time\" \/>\n\t<meta name=\"twitter:data1\" content=\"1 minute\" \/>\n<script type=\"application\/ld+json\" class=\"yoast-schema-graph\">{\"@context\":\"https:\/\/schema.org\",\"@graph\":[{\"@type\":\"WebPage\",\"@id\":\"https:\/\/www.multitrade-shop.com\/en\/produkt\/gewerbe-tiefkuehlschrank-true\/\",\"url\":\"https:\/\/www.multitrade-shop.com\/en\/produkt\/gewerbe-tiefkuehlschrank-true\/\",\"name\":\"(Deutsch) Gewerbe Tiefk\u00fchlschrank True - Multitrade Commerz Online Shop\",\"isPartOf\":{\"@id\":\"https:\/\/www.multitrade-shop.com\/ru\/#website\"},\"primaryImageOfPage\":{\"@id\":\"https:\/\/www.multitrade-shop.com\/en\/produkt\/gewerbe-tiefkuehlschrank-true\/#primaryimage\"},\"image\":{\"@id\":\"https:\/\/www.multitrade-shop.com\/en\/produkt\/gewerbe-tiefkuehlschrank-true\/#primaryimage\"},\"thumbnailUrl\":\"https:\/\/www.multitrade-shop.com\/wp-content\/uploads\/2021\/03\/20210304_104344-scaled.jpg\",\"datePublished\":\"2021-03-16T10:24:07+00:00\",\"dateModified\":\"2021-03-16T10:24:10+00:00\",\"breadcrumb\":{\"@id\":\"https:\/\/www.multitrade-shop.com\/en\/produkt\/gewerbe-tiefkuehlschrank-true\/#breadcrumb\"},\"inLanguage\":\"en-US\",\"potentialAction\":[{\"@type\":\"ReadAction\",\"target\":[\"https:\/\/www.multitrade-shop.com\/en\/produkt\/gewerbe-tiefkuehlschrank-true\/\"]}]},{\"@type\":\"ImageObject\",\"inLanguage\":\"en-US\",\"@id\":\"https:\/\/www.multitrade-shop.com\/en\/produkt\/gewerbe-tiefkuehlschrank-true\/#primaryimage\",\"url\":\"https:\/\/www.multitrade-shop.com\/wp-content\/uploads\/2021\/03\/20210304_104344-scaled.jpg\",\"contentUrl\":\"https:\/\/www.multitrade-shop.com\/wp-content\/uploads\/2021\/03\/20210304_104344-scaled.jpg\",\"width\":1216,\"height\":2560},{\"@type\":\"BreadcrumbList\",\"@id\":\"https:\/\/www.multitrade-shop.com\/en\/produkt\/gewerbe-tiefkuehlschrank-true\/#breadcrumb\",\"itemListElement\":[{\"@type\":\"ListItem\",\"position\":1,\"name\":\"Startseite\",\"item\":\"https:\/\/www.multitrade-shop.com\/\"},{\"@type\":\"ListItem\",\"position\":2,\"name\":\"Shop\",\"item\":\"https:\/\/www.multitrade-shop.com\/shop\/\"},{\"@type\":\"ListItem\",\"position\":3,\"name\":\"(Deutsch) Gewerbe Tiefk\u00fchlschrank True\"}]},{\"@type\":\"WebSite\",\"@id\":\"https:\/\/www.multitrade-shop.com\/ru\/#website\",\"url\":\"https:\/\/www.multitrade-shop.com\/ru\/\",\"name\":\"Multitrade Commerz Online Shop\",\"description\":\"Internationaler Handelspartner f\u00fcr Supermarket and storage facilities, food processing equipment everything from second hand\",\"publisher\":{\"@id\":\"https:\/\/www.multitrade-shop.com\/ru\/#organization\"},\"potentialAction\":[{\"@type\":\"SearchAction\",\"target\":{\"@type\":\"EntryPoint\",\"urlTemplate\":\"https:\/\/www.multitrade-shop.com\/ru\/?s={search_term_string}\"},\"query-input\":{\"@type\":\"PropertyValueSpecification\",\"valueRequired\":true,\"valueName\":\"search_term_string\"}}],\"inLanguage\":\"en-US\"},{\"@type\":\"Organization\",\"@id\":\"https:\/\/www.multitrade-shop.com\/ru\/#organization\",\"name\":\"Multitrade Commerz Online Shop\",\"url\":\"https:\/\/www.multitrade-shop.com\/ru\/\",\"logo\":{\"@type\":\"ImageObject\",\"inLanguage\":\"en-US\",\"@id\":\"https:\/\/www.multitrade-shop.com\/ru\/#\/schema\/logo\/image\/\",\"url\":\"https:\/\/www.multitrade-shop.com\/wp-content\/uploads\/2020\/11\/Multitrade-Logo-2020.png\",\"contentUrl\":\"https:\/\/www.multitrade-shop.com\/wp-content\/uploads\/2020\/11\/Multitrade-Logo-2020.png\",\"width\":450,\"height\":111,\"caption\":\"Multitrade Commerz Online Shop\"},\"image\":{\"@id\":\"https:\/\/www.multitrade-shop.com\/ru\/#\/schema\/logo\/image\/\"}}]}<\/script>\n<!-- \/ Yoast SEO plugin. -->","yoast_head_json":{"title":"(Deutsch) Gewerbe Tiefk\u00fchlschrank True - Multitrade Commerz Online Shop","robots":{"index":"index","follow":"follow","max-snippet":"max-snippet:-1","max-image-preview":"max-image-preview:large","max-video-preview":"max-video-preview:-1"},"canonical":"https:\/\/www.multitrade-shop.com\/en\/produkt\/gewerbe-tiefkuehlschrank-true\/","og_locale":"en_US","og_type":"article","og_title":"(Deutsch) Gewerbe Tiefk\u00fchlschrank True - Multitrade Commerz Online Shop","og_description":"[:de]  steckerfertig, einbauf\u00e4hig durch frontseitige Be- und Entl\u00fcftung  Umluftk\u00fchlung  beschichteter Verdampfer  Gr\u00f6\u00dfere Verdampferoberfl\u00e4che mit leistungsf\u00e4higerem Kompressor und gr\u00f6\u00dferem Kondensator, h\u00e4lt -23,3\u00b0C, ideal f\u00fcr Tiefk\u00fchlprodukte und Eiscreme  groBe Verdampferabtauheizung erm\u00f6glicht kurzen Abtauzyklus  zeitgesteuertes Abtausystem bei abgestellter K\u00fchlung  automatische Anlaufverz\u00f6gerung des Verdampferl\u00fcftermotors nach dem Abtauvorgang  Vollt\u00fcr, selbstschliessend, Magnetdichtung  eingelassene T\u00fcrgriffe  Schloss  Vorderseite und Innenboden aus Edelstahl  Seitenteile aus eloxiertem Aluminium, Innen Wei\u00dfaluminium  Innenbeleuchtung (Gl\u00fchlampen)  digitale Temperaturanzeige  4 einstellbare, hoch belastbare kunststoffbeschichtete Roste  64mm Schwenkrollen, 2 davon mit Feststellbremse [:]","og_url":"https:\/\/www.multitrade-shop.com\/en\/produkt\/gewerbe-tiefkuehlschrank-true\/","og_site_name":"Multitrade Commerz Online Shop","article_modified_time":"2021-03-16T10:24:10+00:00","og_image":[{"width":1216,"height":2560,"url":"https:\/\/www.multitrade-shop.com\/wp-content\/uploads\/2021\/03\/20210304_104344-scaled.jpg","type":"image\/jpeg"}],"twitter_card":"summary_large_image","twitter_misc":{"Est. reading time":"1 minute"},"schema":{"@context":"https:\/\/schema.org","@graph":[{"@type":"WebPage","@id":"https:\/\/www.multitrade-shop.com\/en\/produkt\/gewerbe-tiefkuehlschrank-true\/","url":"https:\/\/www.multitrade-shop.com\/en\/produkt\/gewerbe-tiefkuehlschrank-true\/","name":"(Deutsch) Gewerbe Tiefk\u00fchlschrank True - Multitrade Commerz Online Shop","isPartOf":{"@id":"https:\/\/www.multitrade-shop.com\/ru\/#website"},"primaryImageOfPage":{"@id":"https:\/\/www.multitrade-shop.com\/en\/produkt\/gewerbe-tiefkuehlschrank-true\/#primaryimage"},"image":{"@id":"https:\/\/www.multitrade-shop.com\/en\/produkt\/gewerbe-tiefkuehlschrank-true\/#primaryimage"},"thumbnailUrl":"https:\/\/www.multitrade-shop.com\/wp-content\/uploads\/2021\/03\/20210304_104344-scaled.jpg","datePublished":"2021-03-16T10:24:07+00:00","dateModified":"2021-03-16T10:24:10+00:00","breadcrumb":{"@id":"https:\/\/www.multitrade-shop.com\/en\/produkt\/gewerbe-tiefkuehlschrank-true\/#breadcrumb"},"inLanguage":"en-US","potentialAction":[{"@type":"ReadAction","target":["https:\/\/www.multitrade-shop.com\/en\/produkt\/gewerbe-tiefkuehlschrank-true\/"]}]},{"@type":"ImageObject","inLanguage":"en-US","@id":"https:\/\/www.multitrade-shop.com\/en\/produkt\/gewerbe-tiefkuehlschrank-true\/#primaryimage","url":"https:\/\/www.multitrade-shop.com\/wp-content\/uploads\/2021\/03\/20210304_104344-scaled.jpg","contentUrl":"https:\/\/www.multitrade-shop.com\/wp-content\/uploads\/2021\/03\/20210304_104344-scaled.jpg","width":1216,"height":2560},{"@type":"BreadcrumbList","@id":"https:\/\/www.multitrade-shop.com\/en\/produkt\/gewerbe-tiefkuehlschrank-true\/#breadcrumb","itemListElement":[{"@type":"ListItem","position":1,"name":"Startseite","item":"https:\/\/www.multitrade-shop.com\/"},{"@type":"ListItem","position":2,"name":"Shop","item":"https:\/\/www.multitrade-shop.com\/shop\/"},{"@type":"ListItem","position":3,"name":"(Deutsch) Gewerbe Tiefk\u00fchlschrank True"}]},{"@type":"WebSite","@id":"https:\/\/www.multitrade-shop.com\/ru\/#website","url":"https:\/\/www.multitrade-shop.com\/ru\/","name":"Multitrade Commerz Online Shop","description":"Internationaler Handelspartner f\u00fcr Supermarket and storage facilities, food processing equipment everything from second hand","publisher":{"@id":"https:\/\/www.multitrade-shop.com\/ru\/#organization"},"potentialAction":[{"@type":"SearchAction","target":{"@type":"EntryPoint","urlTemplate":"https:\/\/www.multitrade-shop.com\/ru\/?s={search_term_string}"},"query-input":{"@type":"PropertyValueSpecification","valueRequired":true,"valueName":"search_term_string"}}],"inLanguage":"en-US"},{"@type":"Organization","@id":"https:\/\/www.multitrade-shop.com\/ru\/#organization","name":"Multitrade Commerz Online Shop","url":"https:\/\/www.multitrade-shop.com\/ru\/","logo":{"@type":"ImageObject","inLanguage":"en-US","@id":"https:\/\/www.multitrade-shop.com\/ru\/#\/schema\/logo\/image\/","url":"https:\/\/www.multitrade-shop.com\/wp-content\/uploads\/2020\/11\/Multitrade-Logo-2020.png","contentUrl":"https:\/\/www.multitrade-shop.com\/wp-content\/uploads\/2020\/11\/Multitrade-Logo-2020.png","width":450,"height":111,"caption":"Multitrade Commerz Online Shop"},"image":{"@id":"https:\/\/www.multitrade-shop.com\/ru\/#\/schema\/logo\/image\/"}}]}},"_links":{"self":[{"href":"https:\/\/www.multitrade-shop.com\/en\/wp-json\/wp\/v2\/product\/1011","targetHints":{"allow":["GET"]}}],"collection":[{"href":"https:\/\/www.multitrade-shop.com\/en\/wp-json\/wp\/v2\/product"}],"about":[{"href":"https:\/\/www.multitrade-shop.com\/en\/wp-json\/wp\/v2\/types\/product"}],"wp:featuredmedia":[{"embeddable":true,"href":"https:\/\/www.multitrade-shop.com\/en\/wp-json\/wp\/v2\/media\/1012"}],"wp:attachment":[{"href":"https:\/\/www.multitrade-shop.com\/en\/wp-json\/wp\/v2\/media?parent=1011"}],"wp:term":[{"taxonomy":"product_brand","embeddable":true,"href":"https:\/\/www.multitrade-shop.com\/en\/wp-json\/wp\/v2\/product_brand?post=1011"},{"taxonomy":"product_cat","embeddable":true,"href":"https:\/\/www.multitrade-shop.com\/en\/wp-json\/wp\/v2\/product_cat?post=1011"},{"taxonomy":"product_tag","embeddable":true,"href":"https:\/\/www.multitrade-shop.com\/en\/wp-json\/wp\/v2\/product_tag?post=1011"}],"curies":[{"name":"wp","href":"https:\/\/api.w.org\/{rel}","templated":true}]}}